{"id":13,"date":"2025-04-11T13:40:21","date_gmt":"2025-04-11T16:40:21","guid":{"rendered":"https:\/\/m8construtora.com.br\/?page_id=13"},"modified":"2025-04-11T16:22:05","modified_gmt":"2025-04-11T19:22:05","slug":"serenita","status":"publish","type":"page","link":"https:\/\/m8construtora.com.br\/index.php\/serenita\/","title":{"rendered":"serenita"},"content":{"rendered":"\t\t<div data-elementor-type=\"wp-page\" data-elementor-id=\"13\" class=\"elementor elementor-13\">\n\t\t\t\t<div class=\"elementor-element elementor-element-f0104ae e-flex e-con-boxed wpr-particle-no wpr-jarallax-no wpr-parallax-no wpr-sticky-section-no e-con e-parent\" data-id=\"f0104ae\" data-element_type=\"container\" data-settings=\"{&quot;background_background&quot;:&quot;slideshow&quot;,&quot;background_slideshow_gallery&quot;:[{&quot;id&quot;:&quot;20&quot;,&quot;url&quot;:&quot;http:\\\/\\\/m8construtora.com.br\\\/wp-content\\\/uploads\\\/2025\\\/04\\\/EMPREENDIMENTO_SERENITA_FACHADA-LARERAL_POS-PRODUCAO.png&quot;},{&quot;id&quot;:&quot;21&quot;,&quot;url&quot;:&quot;http:\\\/\\\/m8construtora.com.br\\\/wp-content\\\/uploads\\\/2025\\\/04\\\/EMPREENDIMENTO_SERENITA_LIVING_CAM-02-_POS-PRODUCAO.png&quot;},{&quot;id&quot;:&quot;22&quot;,&quot;url&quot;:&quot;http:\\\/\\\/m8construtora.com.br\\\/wp-content\\\/uploads\\\/2025\\\/04\\\/EMPREENDIMENTO_SERENITA_FACHADA-FRONTAL_POS-PRODUCAO.png&quot;}],&quot;background_slideshow_slide_duration&quot;:3000,&quot;background_slideshow_ken_burns&quot;:&quot;yes&quot;,&quot;background_slideshow_loop&quot;:&quot;yes&quot;,&quot;background_slideshow_slide_transition&quot;:&quot;fade&quot;,&quot;background_slideshow_transition_duration&quot;:500,&quot;background_slideshow_ken_burns_zoom_direction&quot;:&quot;in&quot;}\">\n\t\t\t\t\t<div class=\"e-con-inner\">\n\t\t<div class=\"elementor-element elementor-element-d526b5d e-con-full e-flex wpr-particle-no wpr-jarallax-no wpr-parallax-no wpr-sticky-section-no e-con e-child\" data-id=\"d526b5d\" data-element_type=\"container\">\n\t\t\t\t<div class=\"elementor-element elementor-element-7d698cb elementor-widget elementor-widget-image\" data-id=\"7d698cb\" data-element_type=\"widget\" data-widget_type=\"image.default\">\n\t\t\t\t<div class=\"elementor-widget-container\">\n\t\t\t\t\t\t\t\t\t\t\t\t\t\t\t<img fetchpriority=\"high\" decoding=\"async\" width=\"1600\" height=\"285\" src=\"https:\/\/m8construtora.com.br\/wp-content\/uploads\/2025\/04\/serenita-04-e1740776324959.png\" class=\"attachment-full size-full wp-image-15\" alt=\"\" srcset=\"https:\/\/m8construtora.com.br\/wp-content\/uploads\/2025\/04\/serenita-04-e1740776324959.png 1600w, https:\/\/m8construtora.com.br\/wp-content\/uploads\/2025\/04\/serenita-04-e1740776324959-300x53.png 300w, https:\/\/m8construtora.com.br\/wp-content\/uploads\/2025\/04\/serenita-04-e1740776324959-1024x182.png 1024w, https:\/\/m8construtora.com.br\/wp-content\/uploads\/2025\/04\/serenita-04-e1740776324959-768x137.png 768w, https:\/\/m8construtora.com.br\/wp-content\/uploads\/2025\/04\/serenita-04-e1740776324959-1536x274.png 1536w\" sizes=\"(max-width: 1600px) 100vw, 1600px\" \/>\t\t\t\t\t\t\t\t\t\t\t\t\t\t\t<\/div>\n\t\t\t\t<\/div>\n\t\t\t\t<div class=\"elementor-element elementor-element-f02de0b elementor-widget elementor-widget-heading\" data-id=\"f02de0b\" data-element_type=\"widget\" data-widget_type=\"heading.default\">\n\t\t\t\t<div class=\"elementor-widget-container\">\n\t\t\t\t\t<h2 class=\"elementor-heading-title elementor-size-default\"> A Serenidade da vida em um s\u00f3 lugar<\/h2>\t\t\t\t<\/div>\n\t\t\t\t<\/div>\n\t\t\t\t<div class=\"elementor-element elementor-element-66229dd elementor-widget elementor-widget-heading\" data-id=\"66229dd\" data-element_type=\"widget\" data-widget_type=\"heading.default\">\n\t\t\t\t<div class=\"elementor-widget-container\">\n\t\t\t\t\t<h2 class=\"elementor-heading-title elementor-size-default\">Cadastre-se para receber informa\u00e7\u00f5es exclusivas e garantir condi\u00e7\u00f5es especiais!<\/h2>\t\t\t\t<\/div>\n\t\t\t\t<\/div>\n\t\t\t\t<div class=\"elementor-element elementor-element-20b8816 elementor-mobile-align-center elementor-align-center elementor-widget elementor-widget-button\" data-id=\"20b8816\" data-element_type=\"widget\" data-widget_type=\"button.default\">\n\t\t\t\t<div class=\"elementor-widget-container\">\n\t\t\t\t\t\t\t\t\t<div class=\"elementor-button-wrapper\">\n\t\t\t\t\t<a class=\"elementor-button elementor-button-link elementor-size-lg\" href=\"https:\/\/wa.me\/5577999811198\" target=\"_blank\">\n\t\t\t\t\t\t<span class=\"elementor-button-content-wrapper\">\n\t\t\t\t\t\t\t\t\t<span class=\"elementor-button-text\">Quero saber mais <\/span>\n\t\t\t\t\t<\/span>\n\t\t\t\t\t<\/a>\n\t\t\t\t<\/div>\n\t\t\t\t\t\t\t\t<\/div>\n\t\t\t\t<\/div>\n\t\t\t\t<\/div>\n\t\t\t\t\t<\/div>\n\t\t\t\t<\/div>\n\t\t\t\t<\/div>\n\t\t","protected":false},"excerpt":{"rendered":"<p>A Serenidade da vida em um s\u00f3 lugar Cadastre-se para receber informa\u00e7\u00f5es exclusivas e garantir condi\u00e7\u00f5es especiais! Quero saber mais<\/p>\n","protected":false},"author":1,"featured_media":0,"parent":0,"menu_order":0,"comment_status":"closed","ping_status":"closed","template":"elementor_canvas","meta":{"footnotes":""},"class_list":["post-13","page","type-page","status-publish","hentry"],"_links":{"self":[{"href":"https:\/\/m8construtora.com.br\/index.php\/wp-json\/wp\/v2\/pages\/13","targetHints":{"allow":["GET"]}}],"collection":[{"href":"https:\/\/m8construtora.com.br\/index.php\/wp-json\/wp\/v2\/pages"}],"about":[{"href":"https:\/\/m8construtora.com.br\/index.php\/wp-json\/wp\/v2\/types\/page"}],"author":[{"embeddable":true,"href":"https:\/\/m8construtora.com.br\/index.php\/wp-json\/wp\/v2\/users\/1"}],"replies":[{"embeddable":true,"href":"https:\/\/m8construtora.com.br\/index.php\/wp-json\/wp\/v2\/comments?post=13"}],"version-history":[{"count":8,"href":"https:\/\/m8construtora.com.br\/index.php\/wp-json\/wp\/v2\/pages\/13\/revisions"}],"predecessor-version":[{"id":102,"href":"https:\/\/m8construtora.com.br\/index.php\/wp-json\/wp\/v2\/pages\/13\/revisions\/102"}],"wp:attachment":[{"href":"https:\/\/m8construtora.com.br\/index.php\/wp-json\/wp\/v2\/media?parent=13"}],"curies":[{"name":"wp","href":"https:\/\/api.w.org\/{rel}","templated":true}]}}